{"id":477,"date":"2024-02-02T18:08:13","date_gmt":"2024-02-02T18:08:13","guid":{"rendered":"https:\/\/alvorsummercascade.pt\/?page_id=477"},"modified":"2026-03-09T17:13:45","modified_gmt":"2026-03-09T17:13:45","slug":"general-terms-and-conditions","status":"publish","type":"page","link":"https:\/\/alvorsummercascade.pt\/es\/general-terms-and-conditions\/","title":{"rendered":"T\u00e9rminos Generales y Condiciones"},"content":{"rendered":"<div data-elementor-type=\"wp-page\" data-elementor-id=\"477\" class=\"elementor elementor-477\" data-elementor-settings=\"{&quot;ha_cmc_init_switcher&quot;:&quot;no&quot;}\" data-elementor-post-type=\"page\">\n\t\t\t\t<div class=\"elementor-element elementor-element-1a9b382 e-flex e-con-boxed e-con e-parent\" data-id=\"1a9b382\" data-element_type=\"container\" data-e-type=\"container\" data-settings=\"{&quot;_ha_eqh_enable&quot;:false}\">\n\t\t\t\t\t<div class=\"e-con-inner\">\n\t\t\t\t<div class=\"elementor-element elementor-element-7806546 elementor-widget elementor-widget-heading\" data-id=\"7806546\" data-element_type=\"widget\" data-e-type=\"widget\" data-widget_type=\"heading.default\">\n\t\t\t\t<div class=\"elementor-widget-container\">\n\t\t\t\t\t<h2 class=\"elementor-heading-title elementor-size-default\">SUMMER CASCADE ALVOR <span style=\"color: inherit\">T\u00e9rminos y condiciones generales<\/span><span style=\"color: inherit\"><\/span><br><\/h2>\t\t\t\t<\/div>\n\t\t\t\t<\/div>\n\t\t\t\t<div class=\"elementor-element elementor-element-99042d5 elementor-widget elementor-widget-text-editor\" data-id=\"99042d5\" data-element_type=\"widget\" data-e-type=\"widget\" data-widget_type=\"text-editor.default\">\n\t\t\t\t<div class=\"elementor-widget-container\">\n\t\t\t\t\t\t\t\t\t<p>Todos los hu\u00e9spedes que se alojen y\/o visiten Summer Cascade Alvor deben respetar las Pol\u00edticas Generales:<\/p><h3>Alimentos y bebidas<\/h3><p>Los alimentos para el desayuno deben consumirse dentro del Summer Cascade Alvor, no est\u00e1 permitido sacarlos al exterior.<\/p><h3>Pol\u00edtica de Llegadas y Salidas<\/h3><p>El horario de check-in est\u00e1 garantizado de 14:00 a 00:00 (a menos que est\u00e9 previamente garantizado por Summer Cascade Alvor); Las salidas deben realizarse antes de las 10:00 a.m.<\/p><p>Para los hu\u00e9spedes que realicen el check-out despu\u00e9s de las 2:00 p. m., Summer Cascade Alvor se reserva el derecho de cobrar una noche adicional, cotizada de acuerdo con la mejor tarifa disponible en el momento del check-out.<\/p><h3>ni\u00f1os y camas<\/h3><p>Todos los ni\u00f1os son bienvenidos en Summer Cascade Alvor. En los casos en los que se requieran cunas y camas supletorias, como ni\u00f1os mayores de 3 a\u00f1os, Summer Cascade Alvor las proporcionar\u00e1 previa solicitud, con un coste de 25\u20ac por estancia.<\/p><p>El n\u00famero permitido de camas supletorias y cunas depende de la opci\u00f3n que elijas.<br \/>Todas las cunas y camas supletorias est\u00e1n sujetas a disponibilidad.<\/p><h3>Pol\u00edtica de fumadores<\/h3><p>En l\u00ednea con el cambio en la legislaci\u00f3n portuguesa, Summer Cascade Alvor aplica una pol\u00edtica de NO FUMAR en todas las \u00e1reas interiores del Summer Cascade Alvor, incluidas: habitaciones, \u00e1reas p\u00fablicas y pasillos. Para los hu\u00e9spedes residentes que no cumplan con nuestra pol\u00edtica de NO FUMAR, se agregar\u00e1 una tarifa de 200 euros a su factura para aliviar el costo de limpieza de todos los muebles para eliminar el olor a tabaco.<\/p><p>Se han asignado \u00e1reas designadas para hu\u00e9spedes a las \u00e1reas exteriores del Summer Cascade Alvor; consulte al momento del check-in. Agradecemos su cooperaci\u00f3n con esta Pol\u00edtica de no fumar.<\/p><h3>Normas de conducta y convivencia<\/h3><p>La reserva Summer Cascade Alvor tiene derecho a juzgar los niveles aceptables de ruido o comportamiento de los hu\u00e9spedes, quienes deben tomar todas las medidas correctivas solicitadas por Summer Cascade Alvor.<\/p><p>No se permiten fiestas y eventos sin autorizaci\u00f3n expresa de la administraci\u00f3n de Summer Cascade Alvor.<\/p><p>El per\u00edodo de seguridad previsto es de 22:00 a 08:00, momento en el que los hu\u00e9spedes no deben hacer ruido.<\/p><p>En caso de incumplimiento de las solicitudes de la administraci\u00f3n, Summer Cascade Alvor podr\u00e1 rescindir la reserva o interrumpir inmediatamente cualquier evento sin ser responsable de ning\u00fan reembolso o compensaci\u00f3n.<\/p><p>Es pol\u00edtica de Summer Cascade Alvor no discriminar por motivos de raza, color, nacionalidad, credo, sexo, estado civil, edad, origen minoritario o discapacidad. Se espera que los hu\u00e9spedes, empleados y todos los subcontratistas cumplan con esta pol\u00edtica y Summer Cascade Alvor puede, sin incurrir en ninguna responsabilidad hacia el hu\u00e9sped, eliminar de Summer Cascade Alvor a cualquier persona o personas que violen esta pol\u00edtica.<\/p><h3>Mascotas<\/h3><p>Aceptamos mascotas, 1 por habitaci\u00f3n, siempre que sean medianas o peque\u00f1as, de menos de 10kg.<\/p><h3>Estacionamiento<\/h3><p>El Summer Cascade Alvor dispone de aparcamiento propio, gratuito para los hu\u00e9spedes y sujeto a disponibilidad de plazas. Summer Cascade Alvor no se hace responsable de los da\u00f1os, robos o hurtos de los veh\u00edculos estacionados en las instalaciones de Summer Cascade Alvor. El aparcamiento del Summer Cascade Alvor es privado y se controla electr\u00f3nicamente mediante tarjetas llave individuales.<\/p><h3>Disponibilidad de cuarto<\/h3><p>Se podr\u00e1 asignar un n\u00famero limitado de habitaciones adecuadas a tarifas, paquetes o promociones, y cuando dichas asignaciones se agoten, se podr\u00e1n ofrecer las habitaciones restantes disponibles a un precio superior.<\/p><h3>Quejas y Responsabilidades<\/h3><p>Cualquier comentario o queja sobre la estancia deber\u00e1 realizarse a la administraci\u00f3n de Summer Cascade Alvor en el momento de la visita para que el asunto pueda resolverse de inmediato. Excepto en el caso de muerte o lesiones personales causadas por negligencia de Summer Cascade Alvor, la responsabilidad de Summer Cascade Alvor hacia el hu\u00e9sped se limita al precio de la reserva.<\/p><p>The Summer Cascade Alvor se reserva el derecho de cobrar a los hu\u00e9spedes el costo de reemplazar los da\u00f1os causados por un acto, omisi\u00f3n, incumplimiento o negligencia deliberada, negligente o imprudente de los hu\u00e9spedes hacia la propiedad o estructura de Summer Cascade Alvor. Si este da\u00f1o se descubre despu\u00e9s de la salida del hu\u00e9sped, Summer Cascade Alvor se reserva el derecho de cargar la tarjeta de cr\u00e9dito del hu\u00e9sped o enviar una factura por el monto necesario para reparar o reparar cualquier da\u00f1o en la direcci\u00f3n registrada. El Summer Cascade Alvor har\u00e1 todo lo posible para minimizar los costes en los que el hu\u00e9sped pueda cometer errores. La Cascada de Verano Alvor est\u00e1 sujeta a controles legales, incluidos los relacionados con incendios, licencias, entretenimiento, salud, higiene y seguridad. Todos los t\u00e9rminos se interpretar\u00e1n de acuerdo con la ley portuguesa y Summer Cascade Alvor y el hu\u00e9sped se someter\u00e1n a la jurisdicci\u00f3n no exclusiva de los tribunales portugueses.<\/p><p><strong>La responsabilidad de terceros:<\/strong> Summer Cascade Alvor no acepta ninguna responsabilidad por los servicios prestados por terceros a los hu\u00e9spedes, aunque dichos servicios pueden ser organizados por Summer Cascade Alvor. Cualquier solicitud, demanda, cargo, proceso o da\u00f1o en el que puedan incurrir los hu\u00e9spedes (el reclamo) debe realizarse directamente con estos terceros y Summer Cascade Alvor brindar\u00e1 toda la asistencia razonable al respecto.<\/p><p><strong>Familiar<\/strong><br \/><strong><span style=\"text-decoration: underline;\"><a href=\"https:\/\/maps.app.goo.gl\/pbVfaryDpYctQdep6\" target=\"_blank\" rel=\"noopener\">Rua Garc\u00eda de Resende, Alvor, Portim\u00e3o 8500-777 Portugal<\/a><\/span><\/strong><\/p><p><strong>Tel\u00e9fono<\/strong><br \/>Tel\u00e9fono: <strong><span style=\"text-decoration: underline;\"><a href=\"\/es\/tel\u00e9fono:+351965525406\/\" target=\"_blank\" rel=\"noopener\">+351 965 525 406<\/a><\/span><\/strong><br \/>WhatsApp: <span style=\"text-decoration: underline;\"><strong><a href=\"https:\/\/wa.me\/\/351965525406\" target=\"_blank\" rel=\"noopener\">+351 965 525 406<\/a><\/strong><\/span><\/p><p><strong>Correo electr\u00f3nico<\/strong><br \/><strong><span style=\"text-decoration: underline;\"><a href=\"mailto:contacto@alvorsummercascade.pt\" target=\"_blank\" rel=\"noopener\">contacto@alvorsummercascade.pt<\/a><\/span><\/strong><\/p>\t\t\t\t\t\t\t\t<\/div>\n\t\t\t\t<\/div>\n\t\t\t\t\t<\/div>\n\t\t\t\t<\/div>\n\t\t\t\t<\/div>","protected":false},"excerpt":{"rendered":"<p>Summer Cascade Alvor | General Terms and Conditions All guests staying at and\/or visiting Summer Cascade Alvor must respect the General Policies: Food and drinks Breakfast foods must be consumed inside Summer Cascade Alvor, taking outside is not permitted. Arrivals and Departures Policy Check-in time is guaranteed from 14:00 to 00:00 (unless previously guaranteed by [&hellip;]<\/p>\n","protected":false},"author":1,"featured_media":0,"parent":0,"menu_order":0,"comment_status":"closed","ping_status":"closed","template":"elementor_header_footer","meta":{"footnotes":""},"class_list":["post-477","page","type-page","status-publish","hentry"],"yoast_head":"<!-- This site is optimized with the Yoast SEO Premium plugin v27.1 (Yoast SEO v27.1) - https:\/\/yoast.com\/product\/yoast-seo-premium-wordpress\/ -->\n<title>General Terms and Conditions - Summer Cascade Alvor<\/title>\n<meta name=\"robots\" content=\"index, follow, max-snippet:-1, max-image-preview:large, max-video-preview:-1\" \/>\n<link rel=\"canonical\" href=\"https:\/\/alvorsummercascade.pt\/es\/general-terms-and-conditions\/\" \/>\n<meta property=\"og:locale\" content=\"es_ES\" \/>\n<meta property=\"og:type\" content=\"article\" \/>\n<meta property=\"og:title\" content=\"General Terms and Conditions\" \/>\n<meta property=\"og:description\" content=\"Summer Cascade Alvor | General Terms and Conditions All guests staying at and\/or visiting Summer Cascade Alvor must respect the General Policies: Food and drinks Breakfast foods must be consumed inside Summer Cascade Alvor, taking outside is not permitted. Arrivals and Departures Policy Check-in time is guaranteed from 14:00 to 00:00 (unless previously guaranteed by [&hellip;]\" \/>\n<meta property=\"og:url\" content=\"https:\/\/alvorsummercascade.pt\/es\/general-terms-and-conditions\/\" \/>\n<meta property=\"og:site_name\" content=\"Summer Cascade Alvor\" \/>\n<meta property=\"article:publisher\" content=\"https:\/\/www.facebook.com\/summercascadealvor\" \/>\n<meta property=\"article:modified_time\" content=\"2026-03-09T17:13:45+00:00\" \/>\n<meta name=\"twitter:card\" content=\"summary_large_image\" \/>\n<meta name=\"twitter:label1\" content=\"Tiempo de lectura\" \/>\n\t<meta name=\"twitter:data1\" content=\"4 minutos\" \/>\n<script type=\"application\/ld+json\" class=\"yoast-schema-graph\">{\"@context\":\"https:\/\/schema.org\",\"@graph\":[{\"@type\":\"WebPage\",\"@id\":\"https:\/\/alvorsummercascade.pt\/general-terms-and-conditions\/\",\"url\":\"https:\/\/alvorsummercascade.pt\/general-terms-and-conditions\/\",\"name\":\"General Terms and Conditions - Summer Cascade Alvor\",\"isPartOf\":{\"@id\":\"https:\/\/alvorsummercascade.pt\/#website\"},\"datePublished\":\"2024-02-02T18:08:13+00:00\",\"dateModified\":\"2026-03-09T17:13:45+00:00\",\"breadcrumb\":{\"@id\":\"https:\/\/alvorsummercascade.pt\/general-terms-and-conditions\/#breadcrumb\"},\"inLanguage\":\"es\",\"potentialAction\":[{\"@type\":\"ReadAction\",\"target\":[\"https:\/\/alvorsummercascade.pt\/general-terms-and-conditions\/\"]}]},{\"@type\":\"BreadcrumbList\",\"@id\":\"https:\/\/alvorsummercascade.pt\/general-terms-and-conditions\/#breadcrumb\",\"itemListElement\":[{\"@type\":\"ListItem\",\"position\":1,\"name\":\"Home\",\"item\":\"https:\/\/alvorsummercascade.pt\/\"},{\"@type\":\"ListItem\",\"position\":2,\"name\":\"General Terms and Conditions\"}]},{\"@type\":\"WebSite\",\"@id\":\"https:\/\/alvorsummercascade.pt\/#website\",\"url\":\"https:\/\/alvorsummercascade.pt\/\",\"name\":\"Summer Cascade Alvor\",\"description\":\"Apartments &amp; Suites\",\"publisher\":{\"@id\":\"https:\/\/alvorsummercascade.pt\/#organization\"},\"alternateName\":\"Apartments & Suites\",\"potentialAction\":[{\"@type\":\"SearchAction\",\"target\":{\"@type\":\"EntryPoint\",\"urlTemplate\":\"https:\/\/alvorsummercascade.pt\/?s={search_term_string}\"},\"query-input\":{\"@type\":\"PropertyValueSpecification\",\"valueRequired\":true,\"valueName\":\"search_term_string\"}}],\"inLanguage\":\"es\"},{\"@type\":\"Organization\",\"@id\":\"https:\/\/alvorsummercascade.pt\/#organization\",\"name\":\"Summer Cascade Alvor\",\"alternateName\":\"Apartments & Suites\",\"url\":\"https:\/\/alvorsummercascade.pt\/\",\"logo\":{\"@type\":\"ImageObject\",\"inLanguage\":\"es\",\"@id\":\"https:\/\/alvorsummercascade.pt\/#\/schema\/logo\/image\/\",\"url\":\"https:\/\/alvorsummercascade.pt\/wp-content\/uploads\/2024\/02\/summer-cascade-marca-1000x1000-2.png\",\"contentUrl\":\"https:\/\/alvorsummercascade.pt\/wp-content\/uploads\/2024\/02\/summer-cascade-marca-1000x1000-2.png\",\"width\":1000,\"height\":1000,\"caption\":\"Summer Cascade Alvor\"},\"image\":{\"@id\":\"https:\/\/alvorsummercascade.pt\/#\/schema\/logo\/image\/\"},\"sameAs\":[\"https:\/\/www.facebook.com\/summercascadealvor\",\"https:\/\/www.instagram.com\/summercascadealvor\",\"https:\/\/www.tripadvisor.pt\/Hotel_Review-g642199-d25370118-Reviews-Guest_House_Summer_Cascade_Alvor-Alvor_Portimao_Faro_District_Algarve.html\"],\"publishingPrinciples\":\"https:\/\/alvorsummercascade.pt\/privacy-and-cookies-policy\/\",\"ethicsPolicy\":\"https:\/\/alvorsummercascade.pt\/general-terms-and-conditions\/\"}]}<\/script>\n<!-- \/ Yoast SEO Premium plugin. -->","yoast_head_json":{"title":"General Terms and Conditions - Summer Cascade Alvor","robots":{"index":"index","follow":"follow","max-snippet":"max-snippet:-1","max-image-preview":"max-image-preview:large","max-video-preview":"max-video-preview:-1"},"canonical":"https:\/\/alvorsummercascade.pt\/es\/general-terms-and-conditions\/","og_locale":"es_ES","og_type":"article","og_title":"General Terms and Conditions","og_description":"Summer Cascade Alvor | General Terms and Conditions All guests staying at and\/or visiting Summer Cascade Alvor must respect the General Policies: Food and drinks Breakfast foods must be consumed inside Summer Cascade Alvor, taking outside is not permitted. Arrivals and Departures Policy Check-in time is guaranteed from 14:00 to 00:00 (unless previously guaranteed by [&hellip;]","og_url":"https:\/\/alvorsummercascade.pt\/es\/general-terms-and-conditions\/","og_site_name":"Summer Cascade Alvor","article_publisher":"https:\/\/www.facebook.com\/summercascadealvor","article_modified_time":"2026-03-09T17:13:45+00:00","twitter_card":"summary_large_image","twitter_misc":{"Tiempo de lectura":"4 minutos"},"schema":{"@context":"https:\/\/schema.org","@graph":[{"@type":"WebPage","@id":"https:\/\/alvorsummercascade.pt\/general-terms-and-conditions\/","url":"https:\/\/alvorsummercascade.pt\/general-terms-and-conditions\/","name":"General Terms and Conditions - Summer Cascade Alvor","isPartOf":{"@id":"https:\/\/alvorsummercascade.pt\/#website"},"datePublished":"2024-02-02T18:08:13+00:00","dateModified":"2026-03-09T17:13:45+00:00","breadcrumb":{"@id":"https:\/\/alvorsummercascade.pt\/general-terms-and-conditions\/#breadcrumb"},"inLanguage":"es","potentialAction":[{"@type":"ReadAction","target":["https:\/\/alvorsummercascade.pt\/general-terms-and-conditions\/"]}]},{"@type":"BreadcrumbList","@id":"https:\/\/alvorsummercascade.pt\/general-terms-and-conditions\/#breadcrumb","itemListElement":[{"@type":"ListItem","position":1,"name":"Home","item":"https:\/\/alvorsummercascade.pt\/"},{"@type":"ListItem","position":2,"name":"General Terms and Conditions"}]},{"@type":"WebSite","@id":"https:\/\/alvorsummercascade.pt\/#website","url":"https:\/\/alvorsummercascade.pt\/","name":"SUMMER CASCADE ALVOR","description":"Apartamentos y suites","publisher":{"@id":"https:\/\/alvorsummercascade.pt\/#organization"},"alternateName":"Apartments & Suites","potentialAction":[{"@type":"SearchAction","target":{"@type":"EntryPoint","urlTemplate":"https:\/\/alvorsummercascade.pt\/?s={search_term_string}"},"query-input":{"@type":"PropertyValueSpecification","valueRequired":true,"valueName":"search_term_string"}}],"inLanguage":"es"},{"@type":"Organization","@id":"https:\/\/alvorsummercascade.pt\/#organization","name":"SUMMER CASCADE ALVOR","alternateName":"Apartments & Suites","url":"https:\/\/alvorsummercascade.pt\/","logo":{"@type":"ImageObject","inLanguage":"es","@id":"https:\/\/alvorsummercascade.pt\/#\/schema\/logo\/image\/","url":"https:\/\/alvorsummercascade.pt\/wp-content\/uploads\/2024\/02\/summer-cascade-marca-1000x1000-2.png","contentUrl":"https:\/\/alvorsummercascade.pt\/wp-content\/uploads\/2024\/02\/summer-cascade-marca-1000x1000-2.png","width":1000,"height":1000,"caption":"Summer Cascade Alvor"},"image":{"@id":"https:\/\/alvorsummercascade.pt\/#\/schema\/logo\/image\/"},"sameAs":["https:\/\/www.facebook.com\/summercascadealvor","https:\/\/www.instagram.com\/summercascadealvor","https:\/\/www.tripadvisor.pt\/Hotel_Review-g642199-d25370118-Reviews-Guest_House_Summer_Cascade_Alvor-Alvor_Portimao_Faro_District_Algarve.html"],"publishingPrinciples":"https:\/\/alvorsummercascade.pt\/privacy-and-cookies-policy\/","ethicsPolicy":"https:\/\/alvorsummercascade.pt\/general-terms-and-conditions\/"}]}},"_links":{"self":[{"href":"https:\/\/alvorsummercascade.pt\/es\/wp-json\/wp\/v2\/pages\/477","targetHints":{"allow":["GET"]}}],"collection":[{"href":"https:\/\/alvorsummercascade.pt\/es\/wp-json\/wp\/v2\/pages"}],"about":[{"href":"https:\/\/alvorsummercascade.pt\/es\/wp-json\/wp\/v2\/types\/page"}],"author":[{"embeddable":true,"href":"https:\/\/alvorsummercascade.pt\/es\/wp-json\/wp\/v2\/users\/1"}],"replies":[{"embeddable":true,"href":"https:\/\/alvorsummercascade.pt\/es\/wp-json\/wp\/v2\/comments?post=477"}],"version-history":[{"count":3,"href":"https:\/\/alvorsummercascade.pt\/es\/wp-json\/wp\/v2\/pages\/477\/revisions"}],"predecessor-version":[{"id":2035,"href":"https:\/\/alvorsummercascade.pt\/es\/wp-json\/wp\/v2\/pages\/477\/revisions\/2035"}],"wp:attachment":[{"href":"https:\/\/alvorsummercascade.pt\/es\/wp-json\/wp\/v2\/media?parent=477"}],"curies":[{"name":"wp","href":"https:\/\/api.w.org\/{rel}","templated":true}]}}