{"id":853,"date":"2024-02-23T07:53:07","date_gmt":"2024-02-23T07:53:07","guid":{"rendered":"https:\/\/alvorsummercascade.pt\/?post_type=product&#038;p=853"},"modified":"2024-02-27T16:54:15","modified_gmt":"2024-02-27T16:54:15","slug":"seagull-suite","status":"publish","type":"product","link":"https:\/\/alvorsummercascade.pt\/fr\/suites\/seagull-suite\/","title":{"rendered":"Suite Gaivota"},"content":{"rendered":"<p>Id\u00e9ale pour les couples, la Suite Gaivota offre un environnement intime avec toutes les commodit\u00e9s essentielles. Equip\u00e9 d&#039;une cuisine, d&#039;un jacuzzi et d&#039;une vue sereine, c&#039;est le cadre id\u00e9al pour une escapade romantique.<\/p>","protected":false},"excerpt":{"rendered":"<p>Id\u00e9ale pour les couples, la Suite Gaivota offre un environnement intime avec toutes les commodit\u00e9s essentielles. Equip\u00e9 d&#039;une cuisine, d&#039;un jacuzzi et d&#039;une vue sereine, c&#039;est le cadre id\u00e9al pour une escapade romantique.<\/p>","protected":false},"featured_media":1383,"comment_status":"open","ping_status":"closed","template":"","meta":[],"product_brand":[],"product_cat":[15],"product_tag":[],"local":[101],"tipo":[99],"camas":[77],"quartos":[85],"numero-de-hospedes":[68],"seguranca-do-hospede":[64,65,63,66],"comodidades":[21,52,22,50,153,60,27,42,38,24,23,39,40,58,26,36,154,34,155,37,28,29,45,54,30,51,59,47,31,32,33],"class_list":{"0":"post-853","1":"product","2":"type-product","3":"status-publish","4":"has-post-thumbnail","6":"product_cat-uncategorized","7":"local-alvor","8":"tipo-suite","9":"camas-77","10":"quartos-85","11":"numero-de-hospedes-68","12":"seguranca-do-hospede-carbon-monoxide-alarm","13":"seguranca-do-hospede-smoke-alarm","14":"seguranca-do-hospede-some-spaces-are-shared","15":"seguranca-do-hospede-swimming-pool-jacuzzi-without-gate-and-lock","16":"comodidades-air-conditioning","17":"comodidades-backyard","18":"comodidades-basic-kitchen-utensils","19":"comodidades-beach-access","20":"comodidades-body-soap","21":"comodidades-breakfast","22":"comodidades-central-heating","23":"comodidades-coffee-maker","24":"comodidades-cot","25":"comodidades-crockery-and-cutlery","26":"comodidades-exclusive-workspace","27":"comodidades-fire-extinguisher","28":"comodidades-first-aid-kit","29":"comodidades-free-parking-on-premises","30":"comodidades-hairdryer","31":"comodidades-hangers","32":"comodidades-high-chair","33":"comodidades-hot-water","34":"comodidades-indoor-fireplace","35":"comodidades-iron","36":"comodidades-jacuzzi","37":"comodidades-kitchen","38":"comodidades-micro-waves","39":"comodidades-outdoor-furniture","40":"comodidades-pool","41":"comodidades-private-entrance","42":"comodidades-private-living-room","43":"comodidades-refrigerator","44":"comodidades-television","45":"comodidades-washing-machine","46":"comodidades-wifi","48":"first","49":"instock","50":"virtual","51":"sold-individually","52":"taxable","53":"purchasable","54":"product-type-jet_booking"},"yoast_head":"<!-- This site is optimized with the Yoast SEO Premium plugin v27.1 (Yoast SEO v27.1) - https:\/\/yoast.com\/product\/yoast-seo-premium-wordpress\/ -->\n<title>Suite Gaivota - Summer Cascade Alvor Apartments &amp; Suites no Algarve<\/title>\n<meta name=\"description\" content=\"Perfect for couples, the Gaivota Suite offers an intimate environment with all essential amenities. Equipped with a kitchen, jacuzzi and serene views\" \/>\n<meta name=\"robots\" content=\"index, follow, max-snippet:-1, max-image-preview:large, max-video-preview:-1\" \/>\n<link rel=\"canonical\" href=\"https:\/\/alvorsummercascade.pt\/fr\/suites\/seagull-suite\/\" \/>\n<meta property=\"og:locale\" content=\"fr_FR\" \/>\n<meta property=\"og:type\" content=\"article\" \/>\n<meta property=\"og:title\" content=\"Suite Gaivota\" \/>\n<meta property=\"og:description\" content=\"Perfect for couples, the Gaivota Suite offers an intimate environment with all essential amenities. Equipped with a kitchen, jacuzzi and serene views\" \/>\n<meta property=\"og:url\" content=\"https:\/\/alvorsummercascade.pt\/fr\/suites\/seagull-suite\/\" \/>\n<meta property=\"og:site_name\" content=\"Summer Cascade Alvor\" \/>\n<meta property=\"article:publisher\" content=\"https:\/\/www.facebook.com\/summercascadealvor\" \/>\n<meta property=\"article:modified_time\" content=\"2024-02-27T16:54:15+00:00\" \/>\n<meta property=\"og:image\" content=\"https:\/\/alvorsummercascade.pt\/wp-content\/uploads\/2024\/02\/apartments-suites-gaivota-alvor-summer-cascade-algarve-capa.jpg\" \/>\n\t<meta property=\"og:image:width\" content=\"600\" \/>\n\t<meta property=\"og:image:height\" content=\"450\" \/>\n\t<meta property=\"og:image:type\" content=\"image\/jpeg\" \/>\n<meta name=\"twitter:card\" content=\"summary_large_image\" \/>\n<meta name=\"twitter:label1\" content=\"Dur\u00e9e de lecture estim\u00e9e\" \/>\n\t<meta name=\"twitter:data1\" content=\"1 minute\" \/>\n<script type=\"application\/ld+json\" class=\"yoast-schema-graph\">{\"@context\":\"https:\/\/schema.org\",\"@graph\":[{\"@type\":\"WebPage\",\"@id\":\"https:\/\/alvorsummercascade.pt\/suites\/seagull-suite\/\",\"url\":\"https:\/\/alvorsummercascade.pt\/suites\/seagull-suite\/\",\"name\":\"Suite Gaivota - Summer Cascade Alvor Apartments & Suites no Algarve\",\"isPartOf\":{\"@id\":\"https:\/\/alvorsummercascade.pt\/#website\"},\"primaryImageOfPage\":{\"@id\":\"https:\/\/alvorsummercascade.pt\/suites\/seagull-suite\/#primaryimage\"},\"image\":{\"@id\":\"https:\/\/alvorsummercascade.pt\/suites\/seagull-suite\/#primaryimage\"},\"thumbnailUrl\":\"https:\/\/alvorsummercascade.pt\/wp-content\/uploads\/2024\/02\/apartments-suites-gaivota-alvor-summer-cascade-algarve-capa.jpg\",\"datePublished\":\"2024-02-23T07:53:07+00:00\",\"dateModified\":\"2024-02-27T16:54:15+00:00\",\"description\":\"Perfect for couples, the Gaivota Suite offers an intimate environment with all essential amenities. Equipped with a kitchen, jacuzzi and serene views\",\"breadcrumb\":{\"@id\":\"https:\/\/alvorsummercascade.pt\/suites\/seagull-suite\/#breadcrumb\"},\"inLanguage\":\"fr-FR\",\"potentialAction\":[{\"@type\":\"ReadAction\",\"target\":[\"https:\/\/alvorsummercascade.pt\/suites\/seagull-suite\/\"]}]},{\"@type\":\"ImageObject\",\"inLanguage\":\"fr-FR\",\"@id\":\"https:\/\/alvorsummercascade.pt\/suites\/seagull-suite\/#primaryimage\",\"url\":\"https:\/\/alvorsummercascade.pt\/wp-content\/uploads\/2024\/02\/apartments-suites-gaivota-alvor-summer-cascade-algarve-capa.jpg\",\"contentUrl\":\"https:\/\/alvorsummercascade.pt\/wp-content\/uploads\/2024\/02\/apartments-suites-gaivota-alvor-summer-cascade-algarve-capa.jpg\",\"width\":600,\"height\":450,\"caption\":\"A Suite Gaivota \u00e9 perfeita para casais, a Suite Gaivota oferece um ambiente intimista com todas as comodidades essenciais.\"},{\"@type\":\"BreadcrumbList\",\"@id\":\"https:\/\/alvorsummercascade.pt\/suites\/seagull-suite\/#breadcrumb\",\"itemListElement\":[{\"@type\":\"ListItem\",\"position\":1,\"name\":\"Home\",\"item\":\"https:\/\/alvorsummercascade.pt\/\"},{\"@type\":\"ListItem\",\"position\":2,\"name\":\"Shop\",\"item\":\"https:\/\/alvorsummercascade.pt\/shop\/\"},{\"@type\":\"ListItem\",\"position\":3,\"name\":\"Suite Gaivota\"}]},{\"@type\":\"WebSite\",\"@id\":\"https:\/\/alvorsummercascade.pt\/#website\",\"url\":\"https:\/\/alvorsummercascade.pt\/\",\"name\":\"Summer Cascade Alvor\",\"description\":\"Apartments &amp; Suites\",\"publisher\":{\"@id\":\"https:\/\/alvorsummercascade.pt\/#organization\"},\"alternateName\":\"Apartments & Suites\",\"potentialAction\":[{\"@type\":\"SearchAction\",\"target\":{\"@type\":\"EntryPoint\",\"urlTemplate\":\"https:\/\/alvorsummercascade.pt\/?s={search_term_string}\"},\"query-input\":{\"@type\":\"PropertyValueSpecification\",\"valueRequired\":true,\"valueName\":\"search_term_string\"}}],\"inLanguage\":\"fr-FR\"},{\"@type\":\"Organization\",\"@id\":\"https:\/\/alvorsummercascade.pt\/#organization\",\"name\":\"Summer Cascade Alvor\",\"alternateName\":\"Apartments & Suites\",\"url\":\"https:\/\/alvorsummercascade.pt\/\",\"logo\":{\"@type\":\"ImageObject\",\"inLanguage\":\"fr-FR\",\"@id\":\"https:\/\/alvorsummercascade.pt\/#\/schema\/logo\/image\/\",\"url\":\"https:\/\/alvorsummercascade.pt\/wp-content\/uploads\/2024\/02\/summer-cascade-marca-1000x1000-2.png\",\"contentUrl\":\"https:\/\/alvorsummercascade.pt\/wp-content\/uploads\/2024\/02\/summer-cascade-marca-1000x1000-2.png\",\"width\":1000,\"height\":1000,\"caption\":\"Summer Cascade Alvor\"},\"image\":{\"@id\":\"https:\/\/alvorsummercascade.pt\/#\/schema\/logo\/image\/\"},\"sameAs\":[\"https:\/\/www.facebook.com\/summercascadealvor\",\"https:\/\/www.instagram.com\/summercascadealvor\",\"https:\/\/www.tripadvisor.pt\/Hotel_Review-g642199-d25370118-Reviews-Guest_House_Summer_Cascade_Alvor-Alvor_Portimao_Faro_District_Algarve.html\"],\"publishingPrinciples\":\"https:\/\/alvorsummercascade.pt\/privacy-and-cookies-policy\/\",\"ethicsPolicy\":\"https:\/\/alvorsummercascade.pt\/general-terms-and-conditions\/\"}]}<\/script>\n<!-- \/ Yoast SEO Premium plugin. -->","yoast_head_json":{"title":"Suite Gaivota - Summer Cascade Alvor Apartments & Suites no Algarve","description":"Perfect for couples, the Gaivota Suite offers an intimate environment with all essential amenities. Equipped with a kitchen, jacuzzi and serene views","robots":{"index":"index","follow":"follow","max-snippet":"max-snippet:-1","max-image-preview":"max-image-preview:large","max-video-preview":"max-video-preview:-1"},"canonical":"https:\/\/alvorsummercascade.pt\/fr\/suites\/seagull-suite\/","og_locale":"fr_FR","og_type":"article","og_title":"Suite Gaivota","og_description":"Perfect for couples, the Gaivota Suite offers an intimate environment with all essential amenities. Equipped with a kitchen, jacuzzi and serene views","og_url":"https:\/\/alvorsummercascade.pt\/fr\/suites\/seagull-suite\/","og_site_name":"Summer Cascade Alvor","article_publisher":"https:\/\/www.facebook.com\/summercascadealvor","article_modified_time":"2024-02-27T16:54:15+00:00","og_image":[{"width":600,"height":450,"url":"https:\/\/alvorsummercascade.pt\/wp-content\/uploads\/2024\/02\/apartments-suites-gaivota-alvor-summer-cascade-algarve-capa.jpg","type":"image\/jpeg"}],"twitter_card":"summary_large_image","twitter_misc":{"Dur\u00e9e de lecture estim\u00e9e":"1 minute"},"schema":{"@context":"https:\/\/schema.org","@graph":[{"@type":"WebPage","@id":"https:\/\/alvorsummercascade.pt\/suites\/seagull-suite\/","url":"https:\/\/alvorsummercascade.pt\/suites\/seagull-suite\/","name":"Suite Gaivota - Summer Cascade Alvor Apartments & Suites no Algarve","isPartOf":{"@id":"https:\/\/alvorsummercascade.pt\/#website"},"primaryImageOfPage":{"@id":"https:\/\/alvorsummercascade.pt\/suites\/seagull-suite\/#primaryimage"},"image":{"@id":"https:\/\/alvorsummercascade.pt\/suites\/seagull-suite\/#primaryimage"},"thumbnailUrl":"https:\/\/alvorsummercascade.pt\/wp-content\/uploads\/2024\/02\/apartments-suites-gaivota-alvor-summer-cascade-algarve-capa.jpg","datePublished":"2024-02-23T07:53:07+00:00","dateModified":"2024-02-27T16:54:15+00:00","description":"Perfect for couples, the Gaivota Suite offers an intimate environment with all essential amenities. Equipped with a kitchen, jacuzzi and serene views","breadcrumb":{"@id":"https:\/\/alvorsummercascade.pt\/suites\/seagull-suite\/#breadcrumb"},"inLanguage":"fr-FR","potentialAction":[{"@type":"ReadAction","target":["https:\/\/alvorsummercascade.pt\/suites\/seagull-suite\/"]}]},{"@type":"ImageObject","inLanguage":"fr-FR","@id":"https:\/\/alvorsummercascade.pt\/suites\/seagull-suite\/#primaryimage","url":"https:\/\/alvorsummercascade.pt\/wp-content\/uploads\/2024\/02\/apartments-suites-gaivota-alvor-summer-cascade-algarve-capa.jpg","contentUrl":"https:\/\/alvorsummercascade.pt\/wp-content\/uploads\/2024\/02\/apartments-suites-gaivota-alvor-summer-cascade-algarve-capa.jpg","width":600,"height":450,"caption":"A Suite Gaivota \u00e9 perfeita para casais, a Suite Gaivota oferece um ambiente intimista com todas as comodidades essenciais."},{"@type":"BreadcrumbList","@id":"https:\/\/alvorsummercascade.pt\/suites\/seagull-suite\/#breadcrumb","itemListElement":[{"@type":"ListItem","position":1,"name":"Home","item":"https:\/\/alvorsummercascade.pt\/"},{"@type":"ListItem","position":2,"name":"Shop","item":"https:\/\/alvorsummercascade.pt\/shop\/"},{"@type":"ListItem","position":3,"name":"Suite Gaivota"}]},{"@type":"WebSite","@id":"https:\/\/alvorsummercascade.pt\/#website","url":"https:\/\/alvorsummercascade.pt\/","name":"SUMMER CASCADE ALVOR","description":"Appartements et suites","publisher":{"@id":"https:\/\/alvorsummercascade.pt\/#organization"},"alternateName":"Apartments & Suites","potentialAction":[{"@type":"SearchAction","target":{"@type":"EntryPoint","urlTemplate":"https:\/\/alvorsummercascade.pt\/?s={search_term_string}"},"query-input":{"@type":"PropertyValueSpecification","valueRequired":true,"valueName":"search_term_string"}}],"inLanguage":"fr-FR"},{"@type":"Organization","@id":"https:\/\/alvorsummercascade.pt\/#organization","name":"SUMMER CASCADE ALVOR","alternateName":"Apartments & Suites","url":"https:\/\/alvorsummercascade.pt\/","logo":{"@type":"ImageObject","inLanguage":"fr-FR","@id":"https:\/\/alvorsummercascade.pt\/#\/schema\/logo\/image\/","url":"https:\/\/alvorsummercascade.pt\/wp-content\/uploads\/2024\/02\/summer-cascade-marca-1000x1000-2.png","contentUrl":"https:\/\/alvorsummercascade.pt\/wp-content\/uploads\/2024\/02\/summer-cascade-marca-1000x1000-2.png","width":1000,"height":1000,"caption":"Summer Cascade Alvor"},"image":{"@id":"https:\/\/alvorsummercascade.pt\/#\/schema\/logo\/image\/"},"sameAs":["https:\/\/www.facebook.com\/summercascadealvor","https:\/\/www.instagram.com\/summercascadealvor","https:\/\/www.tripadvisor.pt\/Hotel_Review-g642199-d25370118-Reviews-Guest_House_Summer_Cascade_Alvor-Alvor_Portimao_Faro_District_Algarve.html"],"publishingPrinciples":"https:\/\/alvorsummercascade.pt\/privacy-and-cookies-policy\/","ethicsPolicy":"https:\/\/alvorsummercascade.pt\/general-terms-and-conditions\/"}]}},"_links":{"self":[{"href":"https:\/\/alvorsummercascade.pt\/fr\/wp-json\/wp\/v2\/product\/853","targetHints":{"allow":["GET"]}}],"collection":[{"href":"https:\/\/alvorsummercascade.pt\/fr\/wp-json\/wp\/v2\/product"}],"about":[{"href":"https:\/\/alvorsummercascade.pt\/fr\/wp-json\/wp\/v2\/types\/product"}],"replies":[{"embeddable":true,"href":"https:\/\/alvorsummercascade.pt\/fr\/wp-json\/wp\/v2\/comments?post=853"}],"wp:featuredmedia":[{"embeddable":true,"href":"https:\/\/alvorsummercascade.pt\/fr\/wp-json\/wp\/v2\/media\/1383"}],"wp:attachment":[{"href":"https:\/\/alvorsummercascade.pt\/fr\/wp-json\/wp\/v2\/media?parent=853"}],"wp:term":[{"taxonomy":"product_brand","embeddable":true,"href":"https:\/\/alvorsummercascade.pt\/fr\/wp-json\/wp\/v2\/product_brand?post=853"},{"taxonomy":"product_cat","embeddable":true,"href":"https:\/\/alvorsummercascade.pt\/fr\/wp-json\/wp\/v2\/product_cat?post=853"},{"taxonomy":"product_tag","embeddable":true,"href":"https:\/\/alvorsummercascade.pt\/fr\/wp-json\/wp\/v2\/product_tag?post=853"},{"taxonomy":"local","embeddable":true,"href":"https:\/\/alvorsummercascade.pt\/fr\/wp-json\/wp\/v2\/local?post=853"},{"taxonomy":"tipo","embeddable":true,"href":"https:\/\/alvorsummercascade.pt\/fr\/wp-json\/wp\/v2\/tipo?post=853"},{"taxonomy":"camas","embeddable":true,"href":"https:\/\/alvorsummercascade.pt\/fr\/wp-json\/wp\/v2\/camas?post=853"},{"taxonomy":"quartos","embeddable":true,"href":"https:\/\/alvorsummercascade.pt\/fr\/wp-json\/wp\/v2\/quartos?post=853"},{"taxonomy":"numero-de-hospedes","embeddable":true,"href":"https:\/\/alvorsummercascade.pt\/fr\/wp-json\/wp\/v2\/numero-de-hospedes?post=853"},{"taxonomy":"seguranca-do-hospede","embeddable":true,"href":"https:\/\/alvorsummercascade.pt\/fr\/wp-json\/wp\/v2\/seguranca-do-hospede?post=853"},{"taxonomy":"comodidades","embeddable":true,"href":"https:\/\/alvorsummercascade.pt\/fr\/wp-json\/wp\/v2\/comodidades?post=853"}],"curies":[{"name":"wp","href":"https:\/\/api.w.org\/{rel}","templated":true}]}}